{"id":132058,"date":"2025-07-09T17:03:40","date_gmt":"2025-07-09T15:03:40","guid":{"rendered":"https:\/\/www.event24.com\/bmw-winter-technic-drive-2025\/"},"modified":"2026-01-28T16:18:37","modified_gmt":"2026-01-28T15:18:37","slug":"bmw-winter-technic-drive-2025","status":"publish","type":"page","link":"https:\/\/www.event24.com\/de\/bmw-winter-technic-drive-2025\/","title":{"rendered":"BMW Winter Technic Drive 2026"},"content":{"rendered":"<div class=\"wpb-content-wrapper\"><p>[vc_row row_height_percent=&#8220;0&#8243; override_padding=&#8220;yes&#8220; h_padding=&#8220;2&#8243; top_padding=&#8220;4&#8243; bottom_padding=&#8220;2&#8243; overlay_alpha=&#8220;50&#8243; gutter_size=&#8220;3&#8243; column_width_percent=&#8220;100&#8243; shift_y=&#8220;0&#8243; z_index=&#8220;0&#8243; content_parallax=&#8220;0&#8243; uncode_shortcode_id=&#8220;171281&#8243;][vc_column column_width_percent=&#8220;100&#8243; align_horizontal=&#8220;align_center&#8220; gutter_size=&#8220;3&#8243; overlay_alpha=&#8220;50&#8243; shift_x=&#8220;0&#8243; shift_y=&#8220;0&#8243; shift_y_down=&#8220;0&#8243; z_index=&#8220;0&#8243; medium_width=&#8220;0&#8243; mobile_width=&#8220;0&#8243; width=&#8220;1\/1&#8243; uncode_shortcode_id=&#8220;213248&#8243;][vc_single_image media=&#8220;132871&#8243; media_width_percent=&#8220;100&#8243; uncode_shortcode_id=&#8220;430946&#8243;][vc_custom_heading heading_semantic=&#8220;h1&#8243; text_font=&#8220;font-bmwtypenext_condensed_pro&#8220; text_size=&#8220;h1&#8243; uncode_shortcode_id=&#8220;142143&#8243;]Zwei Tage. Ein einzigartiges Erlebnis. Adrenalin pur.[\/vc_custom_heading][vc_column_text text_lead=&#8220;yes&#8220; uncode_shortcode_id=&#8220;591107&#8243; el_class=&#8220;font-bmwtypenext_condensed_pro&#8220;]<\/p>\n<p style=\"font-weight: 400;\">Der BMW Winter Technic Drive 2026 f\u00fchrt Sie in die faszinierende \u00d6tztaler Gletscherwelt, auf \u00fcber 2.500\u202fm Seeh\u00f6he. In dieser eindrucksvollen Kulisse erwarten Sie ideale Bedingungen, um die neuesten BMW xDrive Modelle in anspruchsvollen Winterverh\u00e4ltnissen zu erleben. Bei einer Auswahl von spektakul\u00e4ren Drift-Stationen auf Schnee sowie Offroad-Passagen im alpinen Gel\u00e4nde werden Ihre Fahrk\u00fcnste auf die Probe gestellt.<\/p>\n<p style=\"font-weight: 400;\">F\u00fcr das Wohlf\u00fchl-Ambiente und den Entspannungsfaktor danach, sorgt die Unterbringung <strong>im luxuri\u00f6sen 5-Sterne-Hotel Das Central \u2013 Alpin. Luxus. Leben<\/strong>. Hier werden Ihnen nicht nur exklusive Momente geboten, sondern auch kulinarische Highlights pr\u00e4sentiert.<\/p>\n<p style=\"font-weight: 400;\"><strong>Erleben Sie BMW Innovation, Leistung und Pr\u00e4zision pers\u00f6nlich hinter dem Steuer.<\/strong><\/p>\n<p>[\/vc_column_text][vc_empty_space empty_h=&#8220;2&#8243;][\/vc_column][\/vc_row][vc_row][vc_column width=&#8220;1\/2&#8243;][vc_column_text text_lead=&#8220;yes&#8220; uncode_shortcode_id=&#8220;136610&#8243; el_class=&#8220;font-bmwtypenext_condensed_pro&#8220;]<strong>PROGRAMM &#8211; TAG 1 <\/strong><br \/>\nbis 11:30 Uhr: individuelle Anreise<br \/>\n11:30 &#8211; 13:00 Uhr: Mittagessen<br \/>\n13:00 &#8211; 17:30 Uhr: Fahraktives Programm TEIL 1 (3 Stationen)<br \/>\n17:30 Uhr: R\u00fcckkehr ins Hotel &amp; besonderes Highlight<br \/>\n18:00 &#8211; 20:15 Uhr: Zeit f\u00fcr Entspannung im Wellnessbereich<br \/>\n20:15 Uhr: Exklusives 5-G\u00e4nge-Men\u00fc[\/vc_column_text][\/vc_column][vc_column column_width_percent=&#8220;100&#8243; gutter_size=&#8220;3&#8243; overlay_alpha=&#8220;50&#8243; shift_x=&#8220;0&#8243; shift_y=&#8220;0&#8243; shift_y_down=&#8220;0&#8243; z_index=&#8220;0&#8243; medium_width=&#8220;0&#8243; mobile_width=&#8220;0&#8243; width=&#8220;1\/2&#8243; uncode_shortcode_id=&#8220;125922&#8243;][vc_column_text text_lead=&#8220;yes&#8220; uncode_shortcode_id=&#8220;196224&#8243; el_class=&#8220;font-bmwtypenext_condensed_pro&#8220; css=&#8220;.vc_custom_1752817867177{padding-top: 5px !important;padding-bottom: 5px !important;}&#8220;]<strong>PROGRAMM &#8211; TAG 2 <\/strong><br \/>\nbis 08:15 Uhr: Fr\u00fchst\u00fcck<br \/>\n08:15 &#8211; 12:45 Uhr: Fahraktives Programm TEIL 2 (3 Stationen)<br \/>\n12:45 &#8211; 14:00 Uhr: R\u00fcckkehr ins Hotel &amp; Mittagessen<br \/>\n14:00 Uhr: Individuelle Abreise<\/p>\n<p>*Programm\u00e4nderungen vorbehalten[\/vc_column_text][\/vc_column][\/vc_row][vc_row][vc_column width=&#8220;1\/2&#8243;][vc_single_image media=&#8220;131998&#8243; media_width_percent=&#8220;100&#8243; media_ratio=&#8220;sixteen-nine&#8220; uncode_shortcode_id=&#8220;163449&#8243;][vc_column_text text_lead=&#8220;small&#8220; uncode_shortcode_id=&#8220;115405&#8243; el_class=&#8220;font-bmwtypenext_condensed_pro&#8220;]BMW X3 30e xDrive: Kraftstoffverbrauch, kombiniert WLTP in l\/100 km: 3,3\u20132,8; CO2-Emissionen, kombiniert WLTP in g\/km: 76\u201364; Verbrauch elektrisch, kombiniert WLTP in kWh\/100 km: 16,7\u201315,9; Elektrische Reichweite, WLTP in km: 80\u201388.[\/vc_column_text][\/vc_column][vc_column width=&#8220;1\/2&#8243;][vc_single_image media=&#8220;132070&#8243; media_width_percent=&#8220;100&#8243; media_ratio=&#8220;sixteen-nine&#8220; alignment=&#8220;right&#8220; uncode_shortcode_id=&#8220;685030&#8243;][vc_column_text text_lead=&#8220;small&#8220; uncode_shortcode_id=&#8220;593318&#8243; el_class=&#8220;font-bmwtypenext_condensed_pro&#8220;]BMW XM 50e: Energieverbrauch, kombiniert WLTP in l\/100 km: 1,6\u20131,4; CO2-Emissionen, kombiniert WLTP in g\/km: 37\u201331; Energieverbrauch, kombiniert WLTP in kWh\/100 km: 32\u201331,3; Elektrische Reichweite, WLTP in km: 80\u201385.[\/vc_column_text][\/vc_column][\/vc_row][vc_row][vc_column width=&#8220;1\/1&#8243;][vc_column_text text_lead=&#8220;yes&#8220; uncode_shortcode_id=&#8220;659464&#8243; el_class=&#8220;font-bmwtypenext_condensed_pro&#8220;]<\/p>\n<p style=\"text-align: center;\">Seien Sie auch in 2026 bereit f\u00fcr Fahrdynamik, die G\u00e4nsehaut erzeugt.<\/p>\n<p style=\"text-align: center;\"><strong>Unser Ticketshop f\u00fcr 2026 wird zeitnah ge\u00f6ffnet. <\/strong><\/p>\n<p style=\"text-align: center;\"><strong>Bleiben Sie Up-To-Date mit Ihrer Anmeldung beim BMW Event Newsletter.<\/strong><\/p>\n<p>[\/vc_column_text][\/vc_column][\/vc_row][vc_row][vc_column width=&#8220;1\/1&#8243;][vc_column_text text_lead=&#8220;yes&#8220; uncode_shortcode_id=&#8220;458170&#8243; el_class=&#8220;font-bmwtypenext_condensed_pro&#8220;]Bei Fragen zur Veranstaltung wenden Sie sich bitte an: <a title=\"mailto:event_support@bmwgroup.at\" href=\"mailto:event_support@bmwgroup.at\" data-outlook-id=\"efea22a6-a89b-4c0e-bfcd-0b6365285d9e\">event_support@bmwgroup.at<\/a>[\/vc_column_text][\/vc_column][\/vc_row]<\/p>\n<\/div>","protected":false},"excerpt":{"rendered":"<p>[vc_row row_height_percent=&#8220;0&#8243; override_padding=&#8220;yes&#8220; h_padding=&#8220;2&#8243; top_padding=&#8220;4&#8243; bottom_padding=&#8220;2&#8243; overlay_alpha=&#8220;50&#8243; gutter_size=&#8220;3&#8243; column_width_percent=&#8220;100&#8243; shift_y=&#8220;0&#8243; z_index=&#8220;0&#8243; content_parallax=&#8220;0&#8243; uncode_shortcode_id=&#8220;171281&#8243;][vc_column column_width_percent=&#8220;100&#8243; align_horizontal=&#8220;align_center&#8220; gutter_size=&#8220;3&#8243; overlay_alpha=&#8220;50&#8243; shift_x=&#8220;0&#8243; shift_y=&#8220;0&#8243; shift_y_down=&#8220;0&#8243; [&hellip;]<\/p>\n","protected":false},"author":1,"featured_media":0,"parent":0,"menu_order":0,"comment_status":"closed","ping_status":"closed","template":"","meta":{"footnotes":""},"class_list":["post-132058","page","type-page","status-publish","hentry"],"yoast_head":"<!-- This site is optimized with the Yoast SEO plugin v27.3 - https:\/\/yoast.com\/product\/yoast-seo-wordpress\/ -->\n<title>BMW Winter Technic Drive 2026 - event24<\/title>\n<meta name=\"description\" content=\"Zwei Tage voller einzigartiger Erlebnisse warten bei diesem au\u00dfergew\u00f6hnlichen fahraktiven Event auf Sie. Auf \u00fcber 2.500m Seeh\u00f6he bietet die \u00d6tztaler Gletscherwelt ideale Bedingungen, um die neuesten BMW xDrive Modelle unter Winterbedingungen zu testen.\" \/>\n<meta name=\"robots\" content=\"index, follow, max-snippet:-1, max-image-preview:large, max-video-preview:-1\" \/>\n<link rel=\"canonical\" href=\"https:\/\/www.event24.com\/de\/bmw-winter-technic-drive-2025\/\" \/>\n<meta property=\"og:locale\" content=\"de_DE\" \/>\n<meta property=\"og:type\" content=\"article\" \/>\n<meta property=\"og:title\" content=\"BMW Winter Technic Drive 2026 - event24\" \/>\n<meta property=\"og:description\" content=\"Zwei Tage voller einzigartiger Erlebnisse warten bei diesem au\u00dfergew\u00f6hnlichen fahraktiven Event auf Sie. Auf \u00fcber 2.500m Seeh\u00f6he bietet die \u00d6tztaler Gletscherwelt ideale Bedingungen, um die neuesten BMW xDrive Modelle unter Winterbedingungen zu testen.\" \/>\n<meta property=\"og:url\" content=\"https:\/\/www.event24.com\/de\/bmw-winter-technic-drive-2025\/\" \/>\n<meta property=\"og:site_name\" content=\"event24\" \/>\n<meta property=\"article:modified_time\" content=\"2026-01-28T15:18:37+00:00\" \/>\n<meta name=\"twitter:card\" content=\"summary_large_image\" \/>\n<meta name=\"twitter:label1\" content=\"Gesch\u00e4tzte Lesezeit\" \/>\n\t<meta name=\"twitter:data1\" content=\"2\u00a0Minuten\" \/>\n<script type=\"application\/ld+json\" class=\"yoast-schema-graph\">{\"@context\":\"https:\\\/\\\/schema.org\",\"@graph\":[{\"@type\":\"WebPage\",\"@id\":\"https:\\\/\\\/www.event24.com\\\/de\\\/bmw-winter-technic-drive-2025\\\/\",\"url\":\"https:\\\/\\\/www.event24.com\\\/de\\\/bmw-winter-technic-drive-2025\\\/\",\"name\":\"BMW Winter Technic Drive 2026 - event24\",\"isPartOf\":{\"@id\":\"https:\\\/\\\/www.event24.com\\\/en\\\/#website\"},\"datePublished\":\"2025-07-09T15:03:40+00:00\",\"dateModified\":\"2026-01-28T15:18:37+00:00\",\"description\":\"Zwei Tage voller einzigartiger Erlebnisse warten bei diesem au\u00dfergew\u00f6hnlichen fahraktiven Event auf Sie. Auf \u00fcber 2.500m Seeh\u00f6he bietet die \u00d6tztaler Gletscherwelt ideale Bedingungen, um die neuesten BMW xDrive Modelle unter Winterbedingungen zu testen.\",\"breadcrumb\":{\"@id\":\"https:\\\/\\\/www.event24.com\\\/de\\\/bmw-winter-technic-drive-2025\\\/#breadcrumb\"},\"inLanguage\":\"de\",\"potentialAction\":[{\"@type\":\"ReadAction\",\"target\":[\"https:\\\/\\\/www.event24.com\\\/de\\\/bmw-winter-technic-drive-2025\\\/\"]}]},{\"@type\":\"BreadcrumbList\",\"@id\":\"https:\\\/\\\/www.event24.com\\\/de\\\/bmw-winter-technic-drive-2025\\\/#breadcrumb\",\"itemListElement\":[{\"@type\":\"ListItem\",\"position\":1,\"name\":\"Startseite\",\"item\":\"https:\\\/\\\/www.event24.com\\\/de\\\/\"},{\"@type\":\"ListItem\",\"position\":2,\"name\":\"BMW Winter Technic Drive 2026\"}]},{\"@type\":\"WebSite\",\"@id\":\"https:\\\/\\\/www.event24.com\\\/en\\\/#website\",\"url\":\"https:\\\/\\\/www.event24.com\\\/en\\\/\",\"name\":\"event24\",\"description\":\"\",\"publisher\":{\"@id\":\"https:\\\/\\\/www.event24.com\\\/en\\\/#organization\"},\"potentialAction\":[{\"@type\":\"SearchAction\",\"target\":{\"@type\":\"EntryPoint\",\"urlTemplate\":\"https:\\\/\\\/www.event24.com\\\/en\\\/?s={search_term_string}\"},\"query-input\":{\"@type\":\"PropertyValueSpecification\",\"valueRequired\":true,\"valueName\":\"search_term_string\"}}],\"inLanguage\":\"de\"},{\"@type\":\"Organization\",\"@id\":\"https:\\\/\\\/www.event24.com\\\/en\\\/#organization\",\"name\":\"event24\",\"url\":\"https:\\\/\\\/www.event24.com\\\/en\\\/\",\"logo\":{\"@type\":\"ImageObject\",\"inLanguage\":\"de\",\"@id\":\"https:\\\/\\\/www.event24.com\\\/en\\\/#\\\/schema\\\/logo\\\/image\\\/\",\"url\":\"https:\\\/\\\/www.event24.com\\\/wp-content\\\/uploads\\\/2024\\\/01\\\/event24_Logo_RGB_blackyellow.svg\",\"contentUrl\":\"https:\\\/\\\/www.event24.com\\\/wp-content\\\/uploads\\\/2024\\\/01\\\/event24_Logo_RGB_blackyellow.svg\",\"width\":1,\"height\":1,\"caption\":\"event24\"},\"image\":{\"@id\":\"https:\\\/\\\/www.event24.com\\\/en\\\/#\\\/schema\\\/logo\\\/image\\\/\"}}]}<\/script>\n<!-- \/ Yoast SEO plugin. -->","yoast_head_json":{"title":"BMW Winter Technic Drive 2026 - event24","description":"Zwei Tage voller einzigartiger Erlebnisse warten bei diesem au\u00dfergew\u00f6hnlichen fahraktiven Event auf Sie. Auf \u00fcber 2.500m Seeh\u00f6he bietet die \u00d6tztaler Gletscherwelt ideale Bedingungen, um die neuesten BMW xDrive Modelle unter Winterbedingungen zu testen.","robots":{"index":"index","follow":"follow","max-snippet":"max-snippet:-1","max-image-preview":"max-image-preview:large","max-video-preview":"max-video-preview:-1"},"canonical":"https:\/\/www.event24.com\/de\/bmw-winter-technic-drive-2025\/","og_locale":"de_DE","og_type":"article","og_title":"BMW Winter Technic Drive 2026 - event24","og_description":"Zwei Tage voller einzigartiger Erlebnisse warten bei diesem au\u00dfergew\u00f6hnlichen fahraktiven Event auf Sie. Auf \u00fcber 2.500m Seeh\u00f6he bietet die \u00d6tztaler Gletscherwelt ideale Bedingungen, um die neuesten BMW xDrive Modelle unter Winterbedingungen zu testen.","og_url":"https:\/\/www.event24.com\/de\/bmw-winter-technic-drive-2025\/","og_site_name":"event24","article_modified_time":"2026-01-28T15:18:37+00:00","twitter_card":"summary_large_image","twitter_misc":{"Gesch\u00e4tzte Lesezeit":"2\u00a0Minuten"},"schema":{"@context":"https:\/\/schema.org","@graph":[{"@type":"WebPage","@id":"https:\/\/www.event24.com\/de\/bmw-winter-technic-drive-2025\/","url":"https:\/\/www.event24.com\/de\/bmw-winter-technic-drive-2025\/","name":"BMW Winter Technic Drive 2026 - event24","isPartOf":{"@id":"https:\/\/www.event24.com\/en\/#website"},"datePublished":"2025-07-09T15:03:40+00:00","dateModified":"2026-01-28T15:18:37+00:00","description":"Zwei Tage voller einzigartiger Erlebnisse warten bei diesem au\u00dfergew\u00f6hnlichen fahraktiven Event auf Sie. Auf \u00fcber 2.500m Seeh\u00f6he bietet die \u00d6tztaler Gletscherwelt ideale Bedingungen, um die neuesten BMW xDrive Modelle unter Winterbedingungen zu testen.","breadcrumb":{"@id":"https:\/\/www.event24.com\/de\/bmw-winter-technic-drive-2025\/#breadcrumb"},"inLanguage":"de","potentialAction":[{"@type":"ReadAction","target":["https:\/\/www.event24.com\/de\/bmw-winter-technic-drive-2025\/"]}]},{"@type":"BreadcrumbList","@id":"https:\/\/www.event24.com\/de\/bmw-winter-technic-drive-2025\/#breadcrumb","itemListElement":[{"@type":"ListItem","position":1,"name":"Startseite","item":"https:\/\/www.event24.com\/de\/"},{"@type":"ListItem","position":2,"name":"BMW Winter Technic Drive 2026"}]},{"@type":"WebSite","@id":"https:\/\/www.event24.com\/en\/#website","url":"https:\/\/www.event24.com\/en\/","name":"event24","description":"","publisher":{"@id":"https:\/\/www.event24.com\/en\/#organization"},"potentialAction":[{"@type":"SearchAction","target":{"@type":"EntryPoint","urlTemplate":"https:\/\/www.event24.com\/en\/?s={search_term_string}"},"query-input":{"@type":"PropertyValueSpecification","valueRequired":true,"valueName":"search_term_string"}}],"inLanguage":"de"},{"@type":"Organization","@id":"https:\/\/www.event24.com\/en\/#organization","name":"event24","url":"https:\/\/www.event24.com\/en\/","logo":{"@type":"ImageObject","inLanguage":"de","@id":"https:\/\/www.event24.com\/en\/#\/schema\/logo\/image\/","url":"https:\/\/www.event24.com\/wp-content\/uploads\/2024\/01\/event24_Logo_RGB_blackyellow.svg","contentUrl":"https:\/\/www.event24.com\/wp-content\/uploads\/2024\/01\/event24_Logo_RGB_blackyellow.svg","width":1,"height":1,"caption":"event24"},"image":{"@id":"https:\/\/www.event24.com\/en\/#\/schema\/logo\/image\/"}}]}},"_links":{"self":[{"href":"https:\/\/www.event24.com\/de\/wp-json\/wp\/v2\/pages\/132058","targetHints":{"allow":["GET"]}}],"collection":[{"href":"https:\/\/www.event24.com\/de\/wp-json\/wp\/v2\/pages"}],"about":[{"href":"https:\/\/www.event24.com\/de\/wp-json\/wp\/v2\/types\/page"}],"author":[{"embeddable":true,"href":"https:\/\/www.event24.com\/de\/wp-json\/wp\/v2\/users\/1"}],"replies":[{"embeddable":true,"href":"https:\/\/www.event24.com\/de\/wp-json\/wp\/v2\/comments?post=132058"}],"version-history":[{"count":56,"href":"https:\/\/www.event24.com\/de\/wp-json\/wp\/v2\/pages\/132058\/revisions"}],"predecessor-version":[{"id":132874,"href":"https:\/\/www.event24.com\/de\/wp-json\/wp\/v2\/pages\/132058\/revisions\/132874"}],"wp:attachment":[{"href":"https:\/\/www.event24.com\/de\/wp-json\/wp\/v2\/media?parent=132058"}],"curies":[{"name":"wp","href":"https:\/\/api.w.org\/{rel}","templated":true}]}}