{"id":132346,"date":"2025-10-08T22:25:39","date_gmt":"2025-10-08T20:25:39","guid":{"rendered":"https:\/\/www.event24.com\/?post_type=product&#038;p=132346"},"modified":"2025-10-08T22:33:26","modified_gmt":"2025-10-08T20:33:26","slug":"bmw-2025-slot-4-1","status":"publish","type":"product","link":"https:\/\/www.event24.com\/de\/produkt\/bmw-2025-slot-4-1\/","title":{"rendered":"28. &#8211; 29.11.2025"},"content":{"rendered":"<p class=\"p1\"><strong>Wichtige Informationen zur Teilnahme<\/strong><\/p>\n<ol>\n<li class=\"p1\">Im Ticketpreis enthalten sind die vollst\u00e4ndige Verpflegung w\u00e4hrend des Events, eine \u00dcbernachtung im 5-Sterne-Hotel Das Central, sowie die Teilnahme am exklusiven fahraktiven Programm.<\/li>\n<li class=\"p1\">Das Ticket gilt pro Person \u2013 gerne kann eine Begleitperson mitkommen. Bitte beachten Sie, dass die Begleitperson nicht am fahraktiven Programm teilnehmen kann. Im Preis f\u00fcr die Begleitperson in H\u00f6he von EUR 500,00 inkl. Mehrwertsteuer sind folgende Leistungen enthalten: Nutzung des Wellnessbereichs, Kaffeepause, zwei Mittagessen, ein 5-G\u00e4nge-Men\u00fc am Abend und eine \u00dcbernachtung im Doppelzimmer. W\u00e4hlen Sie hierf\u00fcr bitte das Ticket \u201eSlot X \u2013 eine fahraktive Person + eine Begleitperson\u201c aus. Eine nachtr\u00e4gliche Buchung oder Anmeldung einer Begleitperson nach dem Ticketkauf ist nicht m\u00f6glich.<\/li>\n<li class=\"p1\">Die Ortstaxe betr\u00e4gt EUR 5,00 pro Person\/Nacht und ist vor Ort im Hotel zu bezahlen.<\/li>\n<li class=\"p1\">Sollten Sie Ihren Aufenthalt verl\u00e4ngern wollen, besteht die M\u00f6glichkeit, eine zus\u00e4tzliche Nacht direkt \u00fcber das Hotel Das Central zu buchen. Bitte beachten Sie, dass die Buchung und Abrechnung einer Verl\u00e4ngerungsnacht ausschlie\u00dflich \u00fcber das Hotel erfolgt. Die Verf\u00fcgbarkeit sowie die geltenden Konditionen richten sich nach dem jeweiligen Angebot des Hotels. Wir empfehlen eine fr\u00fchzeitige Kontaktaufnahme mit dem Hotel. Rezeptionsteam: <a href=\"mailto:info@cental-soelden.com\">info@cental-soelden.com<\/a><\/li>\n<li class=\"p1\">Bitte beachten Sie: Die Anzahl der Pl\u00e4tze ist streng limitiert. Eine Stornierung der Buchung ist ausgeschlossen.<\/li>\n<li class=\"p1\">Die Veranstaltung findet bei jeder Witterung statt.<\/li>\n<li class=\"p1\">Teilnahmeberechtigt sind Personen ab 21 Jahren mit g\u00fcltiger Fahrerlaubnis f\u00fcr Personenkraftwagen. Vor Veranstaltungsbeginn ist von allen Teilnehmern eine Haftungserkl\u00e4rung zu unterzeichnen.<\/li>\n<\/ol>\n<p class=\"p1\"><strong>Informationen zum Datenschutz<\/strong><\/p>\n<p class=\"p1\">Die von Ihnen angegebenen personenbezogenen Daten werden zur Organisation und Durchf\u00fchrung der oben genannten Veranstaltung verarbeitet. Im Rahmen dessen kann eine Weitergabe an beteiligte Dienstleister \u2013 wie das veranstaltungsdurchf\u00fchrende Hotel oder eine von BMW beauftragte Agentur erfolgen, sofern dies f\u00fcr die Abwicklung der Veranstaltung erforderlich ist.<\/p>\n<p class=\"p1\">Weitere Informationen zur Verarbeitung Ihrer personenbezogenen Daten durch die BMW Austria GmbH, insbesondere zu Zwecken der allgemeinen Kundenbetreuung sowie zu Ihren Betroffenenrechten, finden Sie in den Datenschutzhinweisen von BMW (<a href=\"https:\/\/www.bmw.at\/datenschutz\">https:\/\/www.bmw.at\/datenschutz<\/a>).<\/p>\n","protected":false},"excerpt":{"rendered":"<p>Slot 4 &#8211; eine fahraktive Person + eine Begleitperson<\/p>\n","protected":false},"featured_media":132330,"template":"","meta":[],"product_brand":[],"product_cat":[89],"product_tag":[],"class_list":{"0":"post-132346","1":"product","2":"type-product","3":"status-publish","4":"has-post-thumbnail","6":"product_cat-unkategorisiert","8":"first","9":"outofstock","10":"taxable","11":"shipping-taxable","12":"purchasable","13":"product-type-simple"},"yoast_head":"<!-- This site is optimized with the Yoast SEO plugin v27.3 - https:\/\/yoast.com\/product\/yoast-seo-wordpress\/ -->\n<title>28. - 29.11.2025 - event24<\/title>\n<meta name=\"robots\" content=\"index, follow, max-snippet:-1, max-image-preview:large, max-video-preview:-1\" \/>\n<link rel=\"canonical\" href=\"https:\/\/www.event24.com\/de\/produkt\/bmw-2025-slot-4-1\/\" \/>\n<meta property=\"og:locale\" content=\"de_DE\" \/>\n<meta property=\"og:type\" content=\"article\" \/>\n<meta property=\"og:title\" content=\"28. - 29.11.2025 - event24\" \/>\n<meta property=\"og:description\" content=\"Slot 4 - eine fahraktive Person + eine Begleitperson\" \/>\n<meta property=\"og:url\" content=\"https:\/\/www.event24.com\/de\/produkt\/bmw-2025-slot-4-1\/\" \/>\n<meta property=\"og:site_name\" content=\"event24\" \/>\n<meta property=\"article:modified_time\" content=\"2025-10-08T20:33:26+00:00\" \/>\n<meta property=\"og:image\" content=\"https:\/\/www.event24.com\/wp-content\/uploads\/Slot-1-3.jpg\" \/>\n\t<meta property=\"og:image:width\" content=\"700\" \/>\n\t<meta property=\"og:image:height\" content=\"700\" \/>\n\t<meta property=\"og:image:type\" content=\"image\/jpeg\" \/>\n<meta name=\"twitter:card\" content=\"summary_large_image\" \/>\n<meta name=\"twitter:label1\" content=\"Gesch\u00e4tzte Lesezeit\" \/>\n\t<meta name=\"twitter:data1\" content=\"2\u00a0Minuten\" \/>\n<script type=\"application\/ld+json\" class=\"yoast-schema-graph\">{\"@context\":\"https:\\\/\\\/schema.org\",\"@graph\":[{\"@type\":\"WebPage\",\"@id\":\"https:\\\/\\\/www.event24.com\\\/de\\\/produkt\\\/bmw-2025-slot-4-1\\\/\",\"url\":\"https:\\\/\\\/www.event24.com\\\/de\\\/produkt\\\/bmw-2025-slot-4-1\\\/\",\"name\":\"28. - 29.11.2025 - event24\",\"isPartOf\":{\"@id\":\"https:\\\/\\\/www.event24.com\\\/en\\\/#website\"},\"primaryImageOfPage\":{\"@id\":\"https:\\\/\\\/www.event24.com\\\/de\\\/produkt\\\/bmw-2025-slot-4-1\\\/#primaryimage\"},\"image\":{\"@id\":\"https:\\\/\\\/www.event24.com\\\/de\\\/produkt\\\/bmw-2025-slot-4-1\\\/#primaryimage\"},\"thumbnailUrl\":\"https:\\\/\\\/www.event24.com\\\/wp-content\\\/uploads\\\/Slot-1-3.jpg\",\"datePublished\":\"2025-10-08T20:25:39+00:00\",\"dateModified\":\"2025-10-08T20:33:26+00:00\",\"breadcrumb\":{\"@id\":\"https:\\\/\\\/www.event24.com\\\/de\\\/produkt\\\/bmw-2025-slot-4-1\\\/#breadcrumb\"},\"inLanguage\":\"de\",\"potentialAction\":[{\"@type\":\"ReadAction\",\"target\":[\"https:\\\/\\\/www.event24.com\\\/de\\\/produkt\\\/bmw-2025-slot-4-1\\\/\"]}]},{\"@type\":\"ImageObject\",\"inLanguage\":\"de\",\"@id\":\"https:\\\/\\\/www.event24.com\\\/de\\\/produkt\\\/bmw-2025-slot-4-1\\\/#primaryimage\",\"url\":\"https:\\\/\\\/www.event24.com\\\/wp-content\\\/uploads\\\/Slot-1-3.jpg\",\"contentUrl\":\"https:\\\/\\\/www.event24.com\\\/wp-content\\\/uploads\\\/Slot-1-3.jpg\",\"width\":700,\"height\":700},{\"@type\":\"BreadcrumbList\",\"@id\":\"https:\\\/\\\/www.event24.com\\\/de\\\/produkt\\\/bmw-2025-slot-4-1\\\/#breadcrumb\",\"itemListElement\":[{\"@type\":\"ListItem\",\"position\":1,\"name\":\"Startseite\",\"item\":\"https:\\\/\\\/www.event24.com\\\/de\\\/\"},{\"@type\":\"ListItem\",\"position\":2,\"name\":\"Shop\",\"item\":\"https:\\\/\\\/www.event24.com\\\/en\\\/shop\\\/\"},{\"@type\":\"ListItem\",\"position\":3,\"name\":\"28. &#8211; 29.11.2025\"}]},{\"@type\":\"WebSite\",\"@id\":\"https:\\\/\\\/www.event24.com\\\/en\\\/#website\",\"url\":\"https:\\\/\\\/www.event24.com\\\/en\\\/\",\"name\":\"event24\",\"description\":\"\",\"publisher\":{\"@id\":\"https:\\\/\\\/www.event24.com\\\/en\\\/#organization\"},\"potentialAction\":[{\"@type\":\"SearchAction\",\"target\":{\"@type\":\"EntryPoint\",\"urlTemplate\":\"https:\\\/\\\/www.event24.com\\\/en\\\/?s={search_term_string}\"},\"query-input\":{\"@type\":\"PropertyValueSpecification\",\"valueRequired\":true,\"valueName\":\"search_term_string\"}}],\"inLanguage\":\"de\"},{\"@type\":\"Organization\",\"@id\":\"https:\\\/\\\/www.event24.com\\\/en\\\/#organization\",\"name\":\"event24\",\"url\":\"https:\\\/\\\/www.event24.com\\\/en\\\/\",\"logo\":{\"@type\":\"ImageObject\",\"inLanguage\":\"de\",\"@id\":\"https:\\\/\\\/www.event24.com\\\/en\\\/#\\\/schema\\\/logo\\\/image\\\/\",\"url\":\"https:\\\/\\\/www.event24.com\\\/wp-content\\\/uploads\\\/2024\\\/01\\\/event24_Logo_RGB_blackyellow.svg\",\"contentUrl\":\"https:\\\/\\\/www.event24.com\\\/wp-content\\\/uploads\\\/2024\\\/01\\\/event24_Logo_RGB_blackyellow.svg\",\"width\":1,\"height\":1,\"caption\":\"event24\"},\"image\":{\"@id\":\"https:\\\/\\\/www.event24.com\\\/en\\\/#\\\/schema\\\/logo\\\/image\\\/\"}}]}<\/script>\n<!-- \/ Yoast SEO plugin. -->","yoast_head_json":{"title":"28. - 29.11.2025 - event24","robots":{"index":"index","follow":"follow","max-snippet":"max-snippet:-1","max-image-preview":"max-image-preview:large","max-video-preview":"max-video-preview:-1"},"canonical":"https:\/\/www.event24.com\/de\/produkt\/bmw-2025-slot-4-1\/","og_locale":"de_DE","og_type":"article","og_title":"28. - 29.11.2025 - event24","og_description":"Slot 4 - eine fahraktive Person + eine Begleitperson","og_url":"https:\/\/www.event24.com\/de\/produkt\/bmw-2025-slot-4-1\/","og_site_name":"event24","article_modified_time":"2025-10-08T20:33:26+00:00","og_image":[{"width":700,"height":700,"url":"https:\/\/www.event24.com\/wp-content\/uploads\/Slot-1-3.jpg","type":"image\/jpeg"}],"twitter_card":"summary_large_image","twitter_misc":{"Gesch\u00e4tzte Lesezeit":"2\u00a0Minuten"},"schema":{"@context":"https:\/\/schema.org","@graph":[{"@type":"WebPage","@id":"https:\/\/www.event24.com\/de\/produkt\/bmw-2025-slot-4-1\/","url":"https:\/\/www.event24.com\/de\/produkt\/bmw-2025-slot-4-1\/","name":"28. - 29.11.2025 - event24","isPartOf":{"@id":"https:\/\/www.event24.com\/en\/#website"},"primaryImageOfPage":{"@id":"https:\/\/www.event24.com\/de\/produkt\/bmw-2025-slot-4-1\/#primaryimage"},"image":{"@id":"https:\/\/www.event24.com\/de\/produkt\/bmw-2025-slot-4-1\/#primaryimage"},"thumbnailUrl":"https:\/\/www.event24.com\/wp-content\/uploads\/Slot-1-3.jpg","datePublished":"2025-10-08T20:25:39+00:00","dateModified":"2025-10-08T20:33:26+00:00","breadcrumb":{"@id":"https:\/\/www.event24.com\/de\/produkt\/bmw-2025-slot-4-1\/#breadcrumb"},"inLanguage":"de","potentialAction":[{"@type":"ReadAction","target":["https:\/\/www.event24.com\/de\/produkt\/bmw-2025-slot-4-1\/"]}]},{"@type":"ImageObject","inLanguage":"de","@id":"https:\/\/www.event24.com\/de\/produkt\/bmw-2025-slot-4-1\/#primaryimage","url":"https:\/\/www.event24.com\/wp-content\/uploads\/Slot-1-3.jpg","contentUrl":"https:\/\/www.event24.com\/wp-content\/uploads\/Slot-1-3.jpg","width":700,"height":700},{"@type":"BreadcrumbList","@id":"https:\/\/www.event24.com\/de\/produkt\/bmw-2025-slot-4-1\/#breadcrumb","itemListElement":[{"@type":"ListItem","position":1,"name":"Startseite","item":"https:\/\/www.event24.com\/de\/"},{"@type":"ListItem","position":2,"name":"Shop","item":"https:\/\/www.event24.com\/en\/shop\/"},{"@type":"ListItem","position":3,"name":"28. &#8211; 29.11.2025"}]},{"@type":"WebSite","@id":"https:\/\/www.event24.com\/en\/#website","url":"https:\/\/www.event24.com\/en\/","name":"event24","description":"","publisher":{"@id":"https:\/\/www.event24.com\/en\/#organization"},"potentialAction":[{"@type":"SearchAction","target":{"@type":"EntryPoint","urlTemplate":"https:\/\/www.event24.com\/en\/?s={search_term_string}"},"query-input":{"@type":"PropertyValueSpecification","valueRequired":true,"valueName":"search_term_string"}}],"inLanguage":"de"},{"@type":"Organization","@id":"https:\/\/www.event24.com\/en\/#organization","name":"event24","url":"https:\/\/www.event24.com\/en\/","logo":{"@type":"ImageObject","inLanguage":"de","@id":"https:\/\/www.event24.com\/en\/#\/schema\/logo\/image\/","url":"https:\/\/www.event24.com\/wp-content\/uploads\/2024\/01\/event24_Logo_RGB_blackyellow.svg","contentUrl":"https:\/\/www.event24.com\/wp-content\/uploads\/2024\/01\/event24_Logo_RGB_blackyellow.svg","width":1,"height":1,"caption":"event24"},"image":{"@id":"https:\/\/www.event24.com\/en\/#\/schema\/logo\/image\/"}}]}},"_links":{"self":[{"href":"https:\/\/www.event24.com\/de\/wp-json\/wp\/v2\/product\/132346","targetHints":{"allow":["GET"]}}],"collection":[{"href":"https:\/\/www.event24.com\/de\/wp-json\/wp\/v2\/product"}],"about":[{"href":"https:\/\/www.event24.com\/de\/wp-json\/wp\/v2\/types\/product"}],"wp:featuredmedia":[{"embeddable":true,"href":"https:\/\/www.event24.com\/de\/wp-json\/wp\/v2\/media\/132330"}],"wp:attachment":[{"href":"https:\/\/www.event24.com\/de\/wp-json\/wp\/v2\/media?parent=132346"}],"wp:term":[{"taxonomy":"product_brand","embeddable":true,"href":"https:\/\/www.event24.com\/de\/wp-json\/wp\/v2\/product_brand?post=132346"},{"taxonomy":"product_cat","embeddable":true,"href":"https:\/\/www.event24.com\/de\/wp-json\/wp\/v2\/product_cat?post=132346"},{"taxonomy":"product_tag","embeddable":true,"href":"https:\/\/www.event24.com\/de\/wp-json\/wp\/v2\/product_tag?post=132346"}],"curies":[{"name":"wp","href":"https:\/\/api.w.org\/{rel}","templated":true}]}}